{"id":765,"date":"2024-07-10T07:45:55","date_gmt":"2024-07-10T05:45:55","guid":{"rendered":"https:\/\/etherrenovables.com\/politiques-legals\/"},"modified":"2024-08-01T10:55:26","modified_gmt":"2024-08-01T08:55:26","slug":"politiques-legals","status":"publish","type":"page","link":"https:\/\/etherrenovables.com\/ca\/politiques-legals\/","title":{"rendered":"Pol\u00edtiques Legals"},"content":{"rendered":"\t\t<div data-elementor-type=\"wp-page\" data-elementor-id=\"765\" class=\"elementor elementor-765 elementor-3\" data-elementor-post-type=\"page\">\n\t\t\t\t<div class=\"elementor-element elementor-element-b2a25cf e-flex e-con-boxed e-con e-parent\" data-id=\"b2a25cf\" data-element_type=\"container\" data-e-type=\"container\" data-settings=\"{&quot;background_background&quot;:&quot;classic&quot;}\">\n\t\t\t\t\t<div class=\"e-con-inner\">\n\t\t\t\t<div class=\"elementor-element elementor-element-96166e4 elementor-widget elementor-widget-heading\" data-id=\"96166e4\" data-element_type=\"widget\" data-e-type=\"widget\" data-widget_type=\"heading.default\">\n\t\t\t\t<div class=\"elementor-widget-container\">\n\t\t\t\t\t<h1 class=\"elementor-heading-title elementor-size-default\">Pol\u00edtiques Legals - \u00c8ther Renovables<\/h1>\t\t\t\t<\/div>\n\t\t\t\t<\/div>\n\t\t\t\t\t<\/div>\n\t\t\t\t<\/div>\n\t\t<div class=\"elementor-element elementor-element-251b7f3 e-flex e-con-boxed e-con e-parent\" data-id=\"251b7f3\" data-element_type=\"container\" data-e-type=\"container\">\n\t\t\t\t\t<div class=\"e-con-inner\">\n\t\t\t\t<div class=\"elementor-element elementor-element-787fb01 elementor-widget elementor-widget-text-editor\" data-id=\"787fb01\" data-element_type=\"widget\" data-e-type=\"widget\" data-widget_type=\"text-editor.default\">\n\t\t\t\t<div class=\"elementor-widget-container\">\n\t\t\t\t\t\t\t\t\t<h2><strong>POL\u00cdTICA DE PRIVACITAT<\/strong><\/h2>\n<p><strong>1. Responsable del tractament<\/strong><\/p>\n<p>Denominaci\u00f3 social: ETER RENOVABLE SL<br \/>CIF: B56527823<br \/>Adre\u00e7a: PLA\u00c7A 20 DE MAIG, 17, 43580 DELTEBRE (TARRAGONA)<br \/>Correu electr\u00f2nic: <a rel=\"noreferrer\">info@etherrenovables.com<\/a><br \/>Tel\u00e8fon: 621 14 33 62<\/p>\n<p><strong>2. Finalidad del tratamiento<\/strong><\/p>\n<p>A ETER RENOVABLE SL tractem la informaci\u00f3 que ens facilita per tal de prestar-los el servei sol\u00b7licitat i realitzar-ne la facturaci\u00f3. Les dades proporcionades es conservaran mentre es mantingui la relaci\u00f3 comercial o durant els anys necessaris per complir les obligacions legals. No es prendran decisions automatitzades en base a aquest perfil.  <\/p>\n<p><strong>3. Legitimaci\u00f3 del tractament<\/strong><\/p>\n<p>La base legal per al tractament de les vostres dades \u00e9s l&#8217;execuci\u00f3 del contracte de prestaci\u00f3 de serveis i\/o producte corresponent. L&#8217;oferta prospectiva de productes i serveis est\u00e0 basada en el consentiment que se us demana, sense que en cap cas la retirada d&#8217;aquest consentiment condicioni l&#8217;execuci\u00f3 del contracte. <\/p>\n<p><strong>4. Destinataris<\/strong><\/p>\n<p>Durant el per\u00edode de durada del tractament, ETER RENOVABLE SL no realitzar\u00e0 cap cessi\u00f3 de les vostres dades, excepte obligaci\u00f3 legal.<\/p>\n<p><strong>5. Drets<\/strong><\/p>\n<p>Vost\u00e8 t\u00e9 dret a obtenir confirmaci\u00f3 sobre si a ETER RENOVABLE SL estem tractant les seves dades personals, per tant, t\u00e9 dret a accedir a les seves dades personals, rectificar les dades inexactes o sol\u00b7licitar la seva supressi\u00f3 quan les dades ja no siguin necess\u00e0ries.<\/p>\n<p><strong>6. Proced\u00e8ncia de les dades<\/strong><\/p>\n<p>Les dades personals que tractem a ETER RENOVABLE SL procedeixen del propi interessat. Les categories de dades que es tracten s\u00f3n: <\/p>\n<ul>\n<li>Dades d&#8217;identificaci\u00f3<\/li>\n<li>Adreces postals o electr\u00f2niques<\/li>\n<li>Informaci\u00f3 comercial<\/li>\n<\/ul>\n<hr>\n<h2><strong>POL\u00cdTICA DE COOKIES<\/strong><\/h2>\n<p><strong>1. \u00das de cookies<\/strong><\/p>\n<p>El lloc web d&#8217;ETER RENOVABLE SL utilitza galetes per millorar l&#8217;experi\u00e8ncia dels usuaris, facilitant la navegaci\u00f3 pel nostre lloc web. Complim amb la normativa de cookies, per la qual cosa en accedir al nostre lloc web us informem de l&#8217;exist\u00e8ncia de cookies i de la nostra pol\u00edtica de cookies. <\/p>\n<p><strong>2. Tipus de cookies<\/strong><\/p>\n<ul>\n<li><strong>Galetes t\u00e8cniques:<\/strong> Necess\u00e0ries per al funcionament correcte de la web.<\/li>\n<li><strong>Galetes de personalitzaci\u00f3:<\/strong> Permeten recordar certes prefer\u00e8ncies de l&#8217;usuari.<\/li>\n<li><strong>Cookies anal\u00edtiques: <\/strong>Permeten quantificar el nombre d&#8217;usuaris i realitzar el mesurament i l&#8217;an\u00e0lisi estad\u00edstica de la utilitzaci\u00f3 de la web.<\/li>\n<li><strong>Cookies publicit\u00e0ries:<\/strong> Gestionen de la manera m\u00e9s efica\u00e7 possible l&#8217;oferta dels espais publicitaris que hi ha a la web.<\/li>\n<\/ul>\n<p><strong>3. Gesti\u00f3 de cookies<\/strong><\/p>\n<p>Podeu permetre, bloquejar o eliminar les galetes instal\u00b7lades al vostre equip mitjan\u00e7ant la configuraci\u00f3 de les opcions del navegador instal\u00b7lat al vostre ordinador.<\/p>\n<p><strong>4. Actualitzaci\u00f3 de la pol\u00edtica de cookies<\/strong><\/p>\n<p>ETER RENOVABLE SL pot modificar aquesta pol\u00edtica de galetes en funci\u00f3 d&#8217;exig\u00e8ncies legislatives, reglament\u00e0ries, o amb la finalitat d&#8217;adaptar aquesta pol\u00edtica a les instruccions dictades per l&#8217;Ag\u00e8ncia Espanyola de Protecci\u00f3 de Dades.<\/p>\n<hr>\n<h2><strong>AV\u00cdS LEGAL<\/strong><\/h2>\n<p><strong>1. Informaci\u00f3 general<\/strong><\/p>\n<p>En compliment amb el deure informaci\u00f3 estipulat a l&#8217;article 10 de la Llei 34\/2002 de Serveis de la Societat de la Informaci\u00f3 i del Comer\u00e7 Electr\u00f2nic, a continuaci\u00f3, es reflecteixen les dades seg\u00fcents:<\/p>\n<p>Denominaci\u00f3 social: ETER RENOVABLE SL<br \/>CIF: B56527823<br \/>Adre\u00e7a: PLA\u00c7A 20 DE MAIG, 17, 43580 DELTEBRE (TARRAGONA)<br \/>Correo electr\u00f3nico: <a rel=\"noreferrer\">info@etherrenovables.com<\/a><\/p>\n<p><strong>2. Usuaris<\/strong><\/p>\n<p>L\u00b4acc\u00e9s i\/o \u00fas d\u00b4aquest portal d\u00b4ETER RENOVABLE SL atribueix la condici\u00f3 d\u00b4USUARI, que accepta, des d\u00b4aquest acc\u00e9s i\/o \u00fas, les Condicions Generals d\u00b4\u00das aqu\u00ed reflectides.<\/p>\n<p><strong>3. \u00das del portal<\/strong><\/p>\n<p><a href=\"http:\/\/www.etherrenovables.com\" target=\"_new\" rel=\"noreferrer\">www.etherrenovables.com<\/a> proporciona l&#8217;acc\u00e9s a multitud d&#8217;informacions, serveis, programes o dades a Internet pertanyents a ETER RENOVABLE SL o als seus llicenciants a qui l&#8217;USUARI hi pugui tenir acc\u00e9s. L\u00b4USUARI assumeix la responsabilitat de l\u00b4\u00fas del portal. <\/p>\n<p><strong>4. Propietat intel\u00b7lectual i industrial<\/strong><\/p>\n<p>ETER RENOVABLE SL \u00e9s titular de tots els drets de propietat intel\u00b7lectual i industrial de la seva p\u00e0gina web, aix\u00ed com dels elements continguts a la mateixa.<\/p>\n<p><strong>5. Exclusi\u00f3 de garanties i responsabilitat<\/strong><\/p>\n<p>ETER RENOVABLE SL no es fa responsable, en cap cas, dels danys i perjudicis de qualsevol naturalesa que poguessin ocasionar, a t\u00edtol enunciatiu: errors o omissions en els continguts, manca de disponibilitat del portal o la transmissi\u00f3 de virus o programes maliciosos o lesius en els continguts, malgrat haver adoptat totes les mesures tecnol\u00f2giques necess\u00e0ries per evitar-ho.<\/p>\n<p><strong>6. Modificacions<\/strong><\/p>\n<p>ETER RENOVABLE SL es reserva el dret d&#8217;efectuar sense previ av\u00eds les modificacions que consideri oportunes al seu portal, podent canviar, suprimir o afegir tant els continguts i serveis que es prestin a trav\u00e9s d&#8217;aquesta com la forma en qu\u00e8 aquests apareguin presentats o localitzats al vostre portal.<\/p>\n<p><strong>7. Enlla\u00e7os<\/strong><\/p>\n<p>En cas que a <a href=\"http:\/\/www.etherrenovables.com\" target=\"_new\" rel=\"noreferrer\">www.etherrenovables.com<\/a> es disposessin enlla\u00e7os o hipervincles cap a altres llocs d&#8217;Internet, ETER RENOVABLE SL no exercir\u00e0 cap tipus de control sobre aquests llocs i continguts. En cap cas ETER RENOVABLE SL assumir\u00e0 cap responsabilitat pels continguts d&#8217;algun enlla\u00e7 pertanyent a un lloc web ali\u00e8.<\/p>\n<p><strong>8. Dret d&#8217;exclusi\u00f3<\/strong><\/p>\n<p>ETER RENOVABLE SL es reserva el dret a denegar o retirar l&#8217;acc\u00e9s a portal i\/o als serveis oferts sense necessitat de preav\u00eds, a inst\u00e0ncia pr\u00f2pia o d&#8217;un tercer, a aquells usuaris que incompleixin aquestes Condicions Generals d&#8217;\u00das.<\/p>\n<p><strong>9. Generalitats<\/strong><\/p>\n<p>ETER RENOVABLE SL perseguir\u00e0 l&#8217;incompliment de les presents condicions aix\u00ed com qualsevol utilitzaci\u00f3 indeguda del portal exercint totes les accions civils i penals que li puguin correspondre en dret.<\/p>\n<p><strong>10. Modificaci\u00f3 de les presents condicions i durada<\/strong><\/p>\n<p>ETER RENOVABLE SL podr\u00e0 modificar en qualsevol moment les condicions aqu\u00ed determinades, sent degudament publicades com apareixen aqu\u00ed. La vig\u00e8ncia de les condicions esmentades anir\u00e0 en funci\u00f3 de la seva exposici\u00f3 i estaran vigents fins que siguin modificades per altres degudament publicades.<\/p>\n<p><strong>11. Legislaci\u00f3 aplicable i jurisdicci\u00f3<\/strong><\/p>\n<p>La relaci\u00f3 entre ETER RENOVABLE SL i l&#8217;USUARI es regir\u00e0 per la normativa espanyola vigent i qualsevol controv\u00e8rsia se sotmetr\u00e0 als jutjats i tribunals de la ciutat de Tarragona.<\/p>\n\t\t\t\t\t\t\t\t<\/div>\n\t\t\t\t<\/div>\n\t\t\t\t\t<\/div>\n\t\t\t\t<\/div>\n\t\t\t\t<\/div>\n\t\t","protected":false},"excerpt":{"rendered":"<p>Pol\u00edtiques Legals &#8211; \u00c8ther Renovables POL\u00cdTICA DE PRIVACITAT 1. Responsable del tractament Denominaci\u00f3 social: ETER RENOVABLE SLCIF: B56527823Adre\u00e7a: PLA\u00c7A 20 DE MAIG, 17, 43580 DELTEBRE (TARRAGONA)Correu electr\u00f2nic: info@etherrenovables.comTel\u00e8fon: 621 14 33 62 2. Finalidad del tratamiento A ETER RENOVABLE SL tractem la informaci\u00f3 que ens facilita per tal de prestar-los el servei sol\u00b7licitat i realitzar-ne [&hellip;]<\/p>\n","protected":false},"author":1,"featured_media":0,"parent":0,"menu_order":0,"comment_status":"closed","ping_status":"open","template":"elementor_header_footer","meta":{"_joinchat":[],"footnotes":""},"class_list":["post-765","page","type-page","status-publish","hentry"],"_links":{"self":[{"href":"https:\/\/etherrenovables.com\/ca\/wp-json\/wp\/v2\/pages\/765","targetHints":{"allow":["GET"]}}],"collection":[{"href":"https:\/\/etherrenovables.com\/ca\/wp-json\/wp\/v2\/pages"}],"about":[{"href":"https:\/\/etherrenovables.com\/ca\/wp-json\/wp\/v2\/types\/page"}],"author":[{"embeddable":true,"href":"https:\/\/etherrenovables.com\/ca\/wp-json\/wp\/v2\/users\/1"}],"replies":[{"embeddable":true,"href":"https:\/\/etherrenovables.com\/ca\/wp-json\/wp\/v2\/comments?post=765"}],"version-history":[{"count":1,"href":"https:\/\/etherrenovables.com\/ca\/wp-json\/wp\/v2\/pages\/765\/revisions"}],"predecessor-version":[{"id":766,"href":"https:\/\/etherrenovables.com\/ca\/wp-json\/wp\/v2\/pages\/765\/revisions\/766"}],"wp:attachment":[{"href":"https:\/\/etherrenovables.com\/ca\/wp-json\/wp\/v2\/media?parent=765"}],"curies":[{"name":"wp","href":"https:\/\/api.w.org\/{rel}","templated":true}]}}