{"id":751,"date":"2024-07-29T08:41:35","date_gmt":"2024-07-29T06:41:35","guid":{"rendered":"https:\/\/etherrenovables.com\/sobre-nosaltres\/"},"modified":"2024-08-01T09:10:38","modified_gmt":"2024-08-01T07:10:38","slug":"sobre-nosaltres","status":"publish","type":"page","link":"https:\/\/etherrenovables.com\/ca\/sobre-nosaltres\/","title":{"rendered":"Sobre Nosaltres"},"content":{"rendered":"\t\t<div data-elementor-type=\"wp-page\" data-elementor-id=\"751\" class=\"elementor elementor-751 elementor-464\" data-elementor-post-type=\"page\">\n\t\t\t\t<div class=\"elementor-element elementor-element-2386e21 e-flex e-con-boxed e-con e-parent\" data-id=\"2386e21\" data-element_type=\"container\" data-e-type=\"container\" data-settings=\"{&quot;background_background&quot;:&quot;classic&quot;}\">\n\t\t\t\t\t<div class=\"e-con-inner\">\n\t\t<div class=\"elementor-element elementor-element-54ad978 e-con-full e-flex e-con e-child\" data-id=\"54ad978\" data-element_type=\"container\" data-e-type=\"container\">\n\t\t\t\t<div class=\"elementor-element elementor-element-2c5904b elementor-widget elementor-widget-heading\" data-id=\"2c5904b\" data-element_type=\"widget\" data-e-type=\"widget\" data-widget_type=\"heading.default\">\n\t\t\t\t<div class=\"elementor-widget-container\">\n\t\t\t\t\t<h2 class=\"elementor-heading-title elementor-size-default\">Sobre Nosaltres - La Hist\u00f2ria d'\u00c8ther<\/h2>\t\t\t\t<\/div>\n\t\t\t\t<\/div>\n\t\t\t\t<\/div>\n\t\t\t\t\t<\/div>\n\t\t\t\t<\/div>\n\t\t<div class=\"elementor-element elementor-element-9256f9d e-flex e-con-boxed e-con e-parent\" data-id=\"9256f9d\" data-element_type=\"container\" data-e-type=\"container\">\n\t\t\t\t\t<div class=\"e-con-inner\">\n\t\t<div class=\"elementor-element elementor-element-76e9243 e-con-full e-flex e-con e-child\" data-id=\"76e9243\" data-element_type=\"container\" data-e-type=\"container\">\n\t\t\t\t<div class=\"elementor-element elementor-element-084519f elementor-widget elementor-widget-heading\" data-id=\"084519f\" data-element_type=\"widget\" data-e-type=\"widget\" data-widget_type=\"heading.default\">\n\t\t\t\t<div class=\"elementor-widget-container\">\n\t\t\t\t\t<h2 class=\"elementor-heading-title elementor-size-default\">La nostra Hist\u00f2ria<\/h2>\t\t\t\t<\/div>\n\t\t\t\t<\/div>\n\t\t\t\t<div class=\"elementor-element elementor-element-1c7513d elementor-widget-divider--view-line elementor-widget elementor-widget-divider\" data-id=\"1c7513d\" data-element_type=\"widget\" data-e-type=\"widget\" data-widget_type=\"divider.default\">\n\t\t\t\t<div class=\"elementor-widget-container\">\n\t\t\t\t\t\t\t<div class=\"elementor-divider\">\n\t\t\t<span class=\"elementor-divider-separator\">\n\t\t\t\t\t\t<\/span>\n\t\t<\/div>\n\t\t\t\t\t\t<\/div>\n\t\t\t\t<\/div>\n\t\t\t\t<div class=\"elementor-element elementor-element-adb95d2 elementor-widget elementor-widget-text-editor\" data-id=\"adb95d2\" data-element_type=\"widget\" data-e-type=\"widget\" data-widget_type=\"text-editor.default\">\n\t\t\t\t<div class=\"elementor-widget-container\">\n\t\t\t\t\t\t\t\t\t<p>Tres socis i originals de les Terres de l&#8217;Ebre vam constituir una empresa d&#8217;assessoria energ\u00e8tica, \u00c8ther Renovables, destinada a l&#8217;an\u00e0lisi energ\u00e8tica tant d&#8217;ind\u00fastries, establiments comercials i particulars.<\/p>\n<p>El nostre objectiu \u00e9s oferir al client un tracte de proximitat. Tant a l&#8217;apartat de comercialitzadora com a instal\u00b7lacions fotovoltaiques (a m\u00e9s de carregadors de cotxes el\u00e8ctrics, Certificats d&#8217;Efici\u00e8ncia energ\u00e8tica etc) comptem amb un equip de professionals de la zona, fomentem el comer\u00e7 local aix\u00ed com un tracte personalitzat per als nostres clients.<\/p>\n\t\t\t\t\t\t\t\t<\/div>\n\t\t\t\t<\/div>\n\t\t\t\t<\/div>\n\t\t<div class=\"elementor-element elementor-element-4b56e75 e-con-full e-flex e-con e-child\" data-id=\"4b56e75\" data-element_type=\"container\" data-e-type=\"container\">\n\t\t\t\t<div class=\"elementor-element elementor-element-b69866d elementor-widget elementor-widget-image\" data-id=\"b69866d\" data-element_type=\"widget\" data-e-type=\"widget\" data-widget_type=\"image.default\">\n\t\t\t\t<div class=\"elementor-widget-container\">\n\t\t\t\t\t\t\t\t\t\t\t\t\t\t\t<img decoding=\"async\" src=\"https:\/\/etherrenovables.com\/wp-content\/uploads\/elementor\/thumbs\/Explicacion-Aerotermia-3-min-qs9i25gxm19i6kfyri7te8iquiexlcghy6dms6kn5s.jpg\" title=\"Ether Renovables Amposta\" alt=\"Ether Renovables Amposta\" loading=\"lazy\" \/>\t\t\t\t\t\t\t\t\t\t\t\t\t\t\t<\/div>\n\t\t\t\t<\/div>\n\t\t\t\t<\/div>\n\t\t\t\t\t<\/div>\n\t\t\t\t<\/div>\n\t\t<div class=\"elementor-element elementor-element-afc172c e-flex e-con-boxed e-con e-parent\" data-id=\"afc172c\" data-element_type=\"container\" data-e-type=\"container\">\n\t\t\t\t\t<div class=\"e-con-inner\">\n\t\t<div class=\"elementor-element elementor-element-0560ed3 e-con-full e-flex e-con e-child\" data-id=\"0560ed3\" data-element_type=\"container\" data-e-type=\"container\">\n\t\t\t\t<div class=\"elementor-element elementor-element-d253490 elementor-widget elementor-widget-image\" data-id=\"d253490\" data-element_type=\"widget\" data-e-type=\"widget\" data-widget_type=\"image.default\">\n\t\t\t\t<div class=\"elementor-widget-container\">\n\t\t\t\t\t\t\t\t\t\t\t\t\t\t\t<img decoding=\"async\" src=\"https:\/\/etherrenovables.com\/wp-content\/uploads\/elementor\/thumbs\/Explicacion-Aerotermia-2-min-qs9i27clzpc2tsd8gj12j81o1a5o0qnymfolqqhutc.jpg\" title=\"Ether Renovables Amposta\" alt=\"Ether Renovables Amposta\" loading=\"lazy\" \/>\t\t\t\t\t\t\t\t\t\t\t\t\t\t\t<\/div>\n\t\t\t\t<\/div>\n\t\t\t\t<\/div>\n\t\t<div class=\"elementor-element elementor-element-858ba7d e-con-full e-flex e-con e-child\" data-id=\"858ba7d\" data-element_type=\"container\" data-e-type=\"container\">\n\t\t\t\t<div class=\"elementor-element elementor-element-fe919da elementor-widget elementor-widget-heading\" data-id=\"fe919da\" data-element_type=\"widget\" data-e-type=\"widget\" data-widget_type=\"heading.default\">\n\t\t\t\t<div class=\"elementor-widget-container\">\n\t\t\t\t\t<h2 class=\"elementor-heading-title elementor-size-default\">Negoci de Proximitat<\/h2>\t\t\t\t<\/div>\n\t\t\t\t<\/div>\n\t\t\t\t<div class=\"elementor-element elementor-element-ce09836 elementor-widget-divider--view-line elementor-widget elementor-widget-divider\" data-id=\"ce09836\" data-element_type=\"widget\" data-e-type=\"widget\" data-widget_type=\"divider.default\">\n\t\t\t\t<div class=\"elementor-widget-container\">\n\t\t\t\t\t\t\t<div class=\"elementor-divider\">\n\t\t\t<span class=\"elementor-divider-separator\">\n\t\t\t\t\t\t<\/span>\n\t\t<\/div>\n\t\t\t\t\t\t<\/div>\n\t\t\t\t<\/div>\n\t\t\t\t<div class=\"elementor-element elementor-element-512d40c elementor-widget elementor-widget-text-editor\" data-id=\"512d40c\" data-element_type=\"widget\" data-e-type=\"widget\" data-widget_type=\"text-editor.default\">\n\t\t\t\t<div class=\"elementor-widget-container\">\n\t\t\t\t\t\t\t\t\t<p>Totes les gestions passen per les nostres oficines, actualment tenim punts de servei tant a Amposta com a Deltebre, i la previsi\u00f3 de continuar obrint per les localitats ve\u00efnes.<\/p>\n<p>Les nostres \u00e0rees de servei s\u00f3n principalment a les Terres de l\u00b4Ebre i per tota la zona de Tarragona, tot i que l\u00b4objectiu a llarg termini de l\u00b4empresa va m\u00e9s enll\u00e0, on volem arribar a proporcionar els nostres serveis a nivell nacional.<\/p>\n<p>Un dels nostres punts forts s\u00f3n el dels empleats\/des, on confiem plenament en el talent local. Creiem que un veritable tracte de proximitat comen\u00e7a per con\u00e8ixer les persones properes a tu, el seu entorn i els seus pensaments.<\/p>\n\t\t\t\t\t\t\t\t<\/div>\n\t\t\t\t<\/div>\n\t\t\t\t<\/div>\n\t\t\t\t\t<\/div>\n\t\t\t\t<\/div>\n\t\t<div class=\"elementor-element elementor-element-0cda337 e-flex e-con-boxed e-con e-parent\" data-id=\"0cda337\" data-element_type=\"container\" data-e-type=\"container\">\n\t\t\t\t\t<div class=\"e-con-inner\">\n\t\t\t\t<div class=\"elementor-element elementor-element-b9a7d79 elementor-widget elementor-widget-heading\" data-id=\"b9a7d79\" data-element_type=\"widget\" data-e-type=\"widget\" data-widget_type=\"heading.default\">\n\t\t\t\t<div class=\"elementor-widget-container\">\n\t\t\t\t\t<h2 class=\"elementor-heading-title elementor-size-default\">Per qu\u00e8 confiar en nosaltres?<\/h2>\t\t\t\t<\/div>\n\t\t\t\t<\/div>\n\t\t\t\t<div class=\"elementor-element elementor-element-b85d041 elementor-widget elementor-widget-text-editor\" data-id=\"b85d041\" data-element_type=\"widget\" data-e-type=\"widget\" data-widget_type=\"text-editor.default\">\n\t\t\t\t<div class=\"elementor-widget-container\">\n\t\t\t\t\t\t\t\t\t<p>A banda d&#8217;oferir un dels millors serveis d&#8217;Assessorament Energ\u00e8tic de la prov\u00edncia, et mostrem les caracter\u00edstiques que ens representen i t&#8217;explica&#8217;ns el perqu\u00e8 escollir-nos com els teus assessors energ\u00e8tics de confian\u00e7a.<\/p>\n\t\t\t\t\t\t\t\t<\/div>\n\t\t\t\t<\/div>\n\t\t<div class=\"elementor-element elementor-element-418dbe8 e-grid e-con-full e-con e-child\" data-id=\"418dbe8\" data-element_type=\"container\" data-e-type=\"container\">\n\t\t\t\t<div class=\"elementor-element elementor-element-af083ea elementor-position-top elementor-widget elementor-widget-image-box\" data-id=\"af083ea\" data-element_type=\"widget\" data-e-type=\"widget\" data-widget_type=\"image-box.default\">\n\t\t\t\t<div class=\"elementor-widget-container\">\n\t\t\t\t\t<div class=\"elementor-image-box-wrapper\"><figure class=\"elementor-image-box-img\"><img fetchpriority=\"high\" decoding=\"async\" width=\"400\" height=\"400\" src=\"https:\/\/etherrenovables.com\/wp-content\/uploads\/2024\/07\/Proximidad.png\" class=\"attachment-full size-full wp-image-660\" alt=\"Ether Renovables Asesores Energ\u00e9ticos\" title=\"Ether Renovables Asesores Energ\u00e9ticos\" srcset=\"https:\/\/etherrenovables.com\/wp-content\/uploads\/2024\/07\/Proximidad.png 400w, https:\/\/etherrenovables.com\/wp-content\/uploads\/2024\/07\/Proximidad-300x300.png 300w, https:\/\/etherrenovables.com\/wp-content\/uploads\/2024\/07\/Proximidad-150x150.png 150w\" sizes=\"(max-width: 400px) 100vw, 400px\" \/><\/figure><div class=\"elementor-image-box-content\"><h3 class=\"elementor-image-box-title\">Tracte de Proximitat<\/h3><p class=\"elementor-image-box-description\">Sempre estarem a prop teu. T'oferim una atenci\u00f3 al client propera i humana.<\/p><\/div><\/div>\t\t\t\t<\/div>\n\t\t\t\t<\/div>\n\t\t\t\t<div class=\"elementor-element elementor-element-a0e5b49 elementor-position-top elementor-widget elementor-widget-image-box\" data-id=\"a0e5b49\" data-element_type=\"widget\" data-e-type=\"widget\" data-widget_type=\"image-box.default\">\n\t\t\t\t<div class=\"elementor-widget-container\">\n\t\t\t\t\t<div class=\"elementor-image-box-wrapper\"><figure class=\"elementor-image-box-img\"><img decoding=\"async\" width=\"400\" height=\"400\" src=\"https:\/\/etherrenovables.com\/wp-content\/uploads\/2024\/07\/Transparencia.png\" class=\"attachment-full size-full wp-image-659\" alt=\"Ether Renovables Asesores Energ\u00e9ticos\" title=\"Ether Renovables Asesores Energ\u00e9ticos\" srcset=\"https:\/\/etherrenovables.com\/wp-content\/uploads\/2024\/07\/Transparencia.png 400w, https:\/\/etherrenovables.com\/wp-content\/uploads\/2024\/07\/Transparencia-300x300.png 300w, https:\/\/etherrenovables.com\/wp-content\/uploads\/2024\/07\/Transparencia-150x150.png 150w\" sizes=\"(max-width: 400px) 100vw, 400px\" \/><\/figure><div class=\"elementor-image-box-content\"><h3 class=\"elementor-image-box-title\">Transpar\u00e8ncia<\/h3><p class=\"elementor-image-box-description\">Sense costos ocults ni coses rares, serem 100% transparents amb tu i assessorarem de la millor manera<\/p><\/div><\/div>\t\t\t\t<\/div>\n\t\t\t\t<\/div>\n\t\t\t\t<div class=\"elementor-element elementor-element-cbe77b8 elementor-position-top elementor-widget elementor-widget-image-box\" data-id=\"cbe77b8\" data-element_type=\"widget\" data-e-type=\"widget\" data-widget_type=\"image-box.default\">\n\t\t\t\t<div class=\"elementor-widget-container\">\n\t\t\t\t\t<div class=\"elementor-image-box-wrapper\"><figure class=\"elementor-image-box-img\"><img decoding=\"async\" width=\"400\" height=\"400\" src=\"https:\/\/etherrenovables.com\/wp-content\/uploads\/2024\/07\/Personal-Local.png\" class=\"attachment-full size-full wp-image-661\" alt=\"Ether Renovables Asesores Energ\u00e9ticos\" title=\"Ether Renovables Asesores Energ\u00e9ticos\" srcset=\"https:\/\/etherrenovables.com\/wp-content\/uploads\/2024\/07\/Personal-Local.png 400w, https:\/\/etherrenovables.com\/wp-content\/uploads\/2024\/07\/Personal-Local-300x300.png 300w, https:\/\/etherrenovables.com\/wp-content\/uploads\/2024\/07\/Personal-Local-150x150.png 150w\" sizes=\"(max-width: 400px) 100vw, 400px\" \/><\/figure><div class=\"elementor-image-box-content\"><h3 class=\"elementor-image-box-title\">Personal Local<\/h3><p class=\"elementor-image-box-description\">Tot el personal de \u00c8ther Renovables s\u00f3n especialistes locals compromesos amb la gent de la nostra zona<\/p><\/div><\/div>\t\t\t\t<\/div>\n\t\t\t\t<\/div>\n\t\t\t\t<div class=\"elementor-element elementor-element-b58909b elementor-position-top elementor-widget elementor-widget-image-box\" data-id=\"b58909b\" data-element_type=\"widget\" data-e-type=\"widget\" data-widget_type=\"image-box.default\">\n\t\t\t\t<div class=\"elementor-widget-container\">\n\t\t\t\t\t<div class=\"elementor-image-box-wrapper\"><figure class=\"elementor-image-box-img\"><img loading=\"lazy\" decoding=\"async\" width=\"400\" height=\"400\" src=\"https:\/\/etherrenovables.com\/wp-content\/uploads\/2024\/07\/Trato-Personalizado.png\" class=\"attachment-full size-full wp-image-658\" alt=\"Ether Renovables Asesores Energ\u00e9ticos\" title=\"Ether Renovables Asesores Energ\u00e9ticos\" srcset=\"https:\/\/etherrenovables.com\/wp-content\/uploads\/2024\/07\/Trato-Personalizado.png 400w, https:\/\/etherrenovables.com\/wp-content\/uploads\/2024\/07\/Trato-Personalizado-300x300.png 300w, https:\/\/etherrenovables.com\/wp-content\/uploads\/2024\/07\/Trato-Personalizado-150x150.png 150w\" sizes=\"(max-width: 400px) 100vw, 400px\" \/><\/figure><div class=\"elementor-image-box-content\"><h3 class=\"elementor-image-box-title\">Tracte Personalitzat<\/h3><p class=\"elementor-image-box-description\">T'oferim un tracte 100% personalitzat perqu\u00e8 et sentis el m\u00e9s c\u00f2mode possible a cada reuni\u00f3<\/p><\/div><\/div>\t\t\t\t<\/div>\n\t\t\t\t<\/div>\n\t\t\t\t<\/div>\n\t\t\t\t\t<\/div>\n\t\t\t\t<\/div>\n\t\t\t\t<\/div>\n\t\t","protected":false},"excerpt":{"rendered":"<p>Sobre Nosaltres &#8211; La Hist\u00f2ria d&#8217;\u00c8ther La nostra Hist\u00f2ria Tres socis i originals de les Terres de l&#8217;Ebre vam constituir una empresa d&#8217;assessoria energ\u00e8tica, \u00c8ther Renovables, destinada a l&#8217;an\u00e0lisi energ\u00e8tica tant d&#8217;ind\u00fastries, establiments comercials i particulars. El nostre objectiu \u00e9s oferir al client un tracte de proximitat. Tant a l&#8217;apartat de comercialitzadora com a instal\u00b7lacions [&hellip;]<\/p>\n","protected":false},"author":1,"featured_media":0,"parent":0,"menu_order":0,"comment_status":"closed","ping_status":"closed","template":"elementor_header_footer","meta":{"_joinchat":[],"footnotes":""},"class_list":["post-751","page","type-page","status-publish","hentry"],"_links":{"self":[{"href":"https:\/\/etherrenovables.com\/ca\/wp-json\/wp\/v2\/pages\/751","targetHints":{"allow":["GET"]}}],"collection":[{"href":"https:\/\/etherrenovables.com\/ca\/wp-json\/wp\/v2\/pages"}],"about":[{"href":"https:\/\/etherrenovables.com\/ca\/wp-json\/wp\/v2\/types\/page"}],"author":[{"embeddable":true,"href":"https:\/\/etherrenovables.com\/ca\/wp-json\/wp\/v2\/users\/1"}],"replies":[{"embeddable":true,"href":"https:\/\/etherrenovables.com\/ca\/wp-json\/wp\/v2\/comments?post=751"}],"version-history":[{"count":1,"href":"https:\/\/etherrenovables.com\/ca\/wp-json\/wp\/v2\/pages\/751\/revisions"}],"predecessor-version":[{"id":752,"href":"https:\/\/etherrenovables.com\/ca\/wp-json\/wp\/v2\/pages\/751\/revisions\/752"}],"wp:attachment":[{"href":"https:\/\/etherrenovables.com\/ca\/wp-json\/wp\/v2\/media?parent=751"}],"curies":[{"name":"wp","href":"https:\/\/api.w.org\/{rel}","templated":true}]}}